{"id":1607,"date":"2020-12-03T09:14:40","date_gmt":"2020-12-03T08:14:40","guid":{"rendered":"https:\/\/www.knowledge.iarivo-univ.info\/?page_id=1607"},"modified":"2023-01-14T15:35:16","modified_gmt":"2023-01-14T12:35:16","slug":"issue-3-2","status":"publish","type":"page","link":"https:\/\/knowledge.iarivo-univ.info\/ar\/issue-3-2\/","title":{"rendered":"Issue 3"},"content":{"rendered":"<p style=\"text-align: center;\"><strong>November 2020<\/strong><\/p>\n<table class=\" aligncenter\" style=\"width: 101.467%; border-collapse: collapse; background-color: #0af7ef; border-color: #000000; border-style: double; height: 873px;\">\n<tbody data-wp-editing=\"1\">\n<tr style=\"height: 23px; background-color: #9ee39d;\">\n<td style=\"width: 3%; height: 23px;\"><b>N\u00b0<\/b><\/td>\n<td style=\"width: 70.3846%; height: 23px;\"><strong>Title<\/strong><\/td>\n<td style=\"width: 10.5099%;\"><strong>Download<\/strong><\/td>\n<\/tr>\n<tr>\n<td style=\"width: 3%; text-align: right;\">1<\/td>\n<td style=\"width: 70.3846%; text-align: right;\">\n<p style=\"text-align: justify;\"><strong> <span class=\"fontstyle0\">Syst\u00e8mes de surveillance de flux migratoires \u00e0 travers les donn\u00e9es massives, Cas de Madagascar<\/span> <\/strong><\/p>\n<p style=\"text-align: left;\"><span style=\"font-size: 8pt;\">Dr\/ RAJAOARISOA Ranaivomahasetra, Institut Sup\u00e9rieur de Technologie d&#8217;Antananarivo, Madagascar<\/span><\/p>\n<p style=\"text-align: left;\"><span style=\"font-size: 8pt;\">Pr\/ RAHARIMALALA Laurence, Facult\u00e9 des Sciences, Universit\u00e9 d\u2019Antananarivo, Madagascar<\/span><\/p>\n<p style=\"text-align: left;\"><span style=\"font-size: 8pt;\">Pr\/ RAFIDINARIVO Elie,Facult\u00e9 de Droit, \u00c9conomie, Gestion et Science Politique, Universit\u00e9 d&#8217;Antsiranana, Madagascar<\/span><strong style=\"font-family: inherit; font-size: inherit; text-align: right;\">\u00a0<\/strong><\/p>\n<\/td>\n<td style=\"width: 10.5099%; text-align: right;\"><strong><a href=\"https:\/\/www.knowledge.iarivo-univ.info\/wp-content\/uploads\/2020\/12\/1.Syst\u00e8mes-de-surveillance-de-flux-migratoires-\u00e0-travers-les-donn\u00e9es-massives.pdf\"><img decoding=\"async\" class=\"alignnone\" src=\"https:\/\/www.knowledge.iarivo-univ.info\/wp-content\/uploads\/2020\/12\/boutton-de-telechargement-standard-.gif\" alt=\"\" width=\"39\" height=\"39\" \/><\/a>\u00a0<\/strong><\/td>\n<\/tr>\n<tr>\n<td style=\"width: 3%; text-align: right;\">2<\/td>\n<td style=\"width: 70.3846%; text-align: right;\">\n<p style=\"text-align: left;\"><strong><span class=\"fontstyle0\">La cr\u00e9ation des nouveaux produits financiers islamiques pour la gestion de risque<\/span><br \/>\n<\/strong><span style=\"font-size: 8pt;\">Dr\/ Racha GHAYAD, Facult\u00e9 des Sciences \u00c9conomiques et de Gestion, Universit\u00e9 Libanaise, Liban<\/span><br \/>\n<span style=\"font-size: 8pt;\">Dr\/ Mohamad HAMDAN, Facult\u00e9 des Sciences \u00c9conomiques et de Gestion, Universit\u00e9 Libanaise, Liban<\/span><\/p>\n<\/td>\n<td style=\"width: 10.5099%; text-align: right;\"><a href=\"https:\/\/www.knowledge.iarivo-univ.info\/wp-content\/uploads\/2021\/01\/2.La-cr\u00e9ation-des-nouveaux-produits-financiers-islamiques-pour-la-gestion-de-risque1.pdf\"><strong><img decoding=\"async\" class=\"alignnone\" src=\"https:\/\/www.knowledge.iarivo-univ.info\/wp-content\/uploads\/2020\/12\/boutton-de-telechargement-standard-.gif\" alt=\"\" width=\"39\" height=\"39\" \/><\/strong><\/a><\/td>\n<\/tr>\n<tr style=\"height: 80px;\">\n<td style=\"width: 3%; text-align: justify; height: 80px;\">\u00a03<\/td>\n<td style=\"width: 70.3846%; height: 80px; text-align: right;\"><strong>\u062f\u0648\u0631 \u062c\u0627\u0626\u062d\u0629 \u0643\u0648\u0631\u0648\u0646\u0627 \u0641\u064a \u062a\u0641\u0639\u064a\u0644 \u062f\u0648\u0631 \u0627\u0644\u062f\u0648\u0644\u0629 \u0627\u0644\u0642\u0648\u0645\u064a\u0629 \u0648\u062a\u062c\u062f\u064a\u062f \u0627\u0644\u0646\u0638\u0627\u0645 \u0627\u0644\u062f\u0648\u0644\u064a\u00a0 &#8220;\u0643\u0648\u0631\u0648\u0646\u0627 \u0641\u064a\u0631\u0633&#8221;2019<\/strong><br \/>\n<span style=\"font-size: 8pt;\">\u0623.\u062f\/ \u062f\u062d\u0645\u0627\u0646\u064a \u0627\u0644\u0639\u064a\u062f\u060c \u062f\u0631\u0627\u0633\u0627\u062a \u0627\u0641\u0631\u064a\u0642\u064a\u0629 \u060c \u0642\u0633\u0645 \u0627\u0644\u0639\u0644\u0648\u0645 \u0627\u0644\u0633\u064a\u0627\u0633\u064a\u0629 \u0648\u0627\u0644\u0639\u0644\u0627\u0642\u0627\u062a \u0627\u0644\u062f\u0648\u0644\u064a\u0629. \u062c\u0627\u0645\u0639\u0629 \u0639\u0645\u0627\u0631 \u062b\u0644\u062c\u064a\u064a \u0627\u0644\u0627\u063a\u0648\u0627\u0637\u060c \u0627\u0644\u062c\u0632\u0627\u0626\u0631<\/span><\/td>\n<td style=\"width: 10.5099%; text-align: right;\"><strong><a href=\"https:\/\/www.knowledge.iarivo-univ.info\/wp-content\/uploads\/2020\/12\/\u062f\u0648\u0631-\u062c\u0627\u0626\u062d\u0629-\u0643\u0648\u0631\u0648\u0646\u0627-\u0641\u064a-\u062a\u0641\u0639\u064a\u0644-\u062f\u0648\u0631-\u0627\u0644\u062f\u0648\u0644\u0629-\u0627\u0644\u0642\u0648\u0645\u064a\u0629-\u0648\u062a\u062c\u062f\u064a\u062f-\u0627\u0644\u0646\u0638\u0627\u0645-\u0627\u0644\u062f\u0648\u0644\u064a3.pdf\"><img decoding=\"async\" class=\"alignnone\" src=\"https:\/\/www.knowledge.iarivo-univ.info\/wp-content\/uploads\/2020\/12\/boutton-de-telechargement-standard-.gif\" alt=\"\" width=\"39\" height=\"39\" \/><\/a>\u00a0<\/strong><\/td>\n<\/tr>\n<tr style=\"height: 80px;\">\n<td style=\"width: 3%; height: 80px; text-align: right;\">4<\/td>\n<td style=\"width: 70.3846%; height: 80px; text-align: right;\"><strong>\u062a\u0642\u064a\u064a\u0645 \u0645\u062f\u0649 \u0641\u0639\u0627\u0644\u064a\u0629 \u0625\u062c\u0631\u0627\u0621\u0627\u062a \u0627\u0644\u0633\u0644\u0627\u0645\u0629 \u0627\u0644\u0645\u0647\u0646\u064a\u0629 \u0641\u064a \u0635\u0646\u0627\u0639\u0629 \u0627\u0644\u0625\u0646\u0634\u0627\u0621\u0627\u062a \u0628\u0644\u064a\u0628\u064a\u0627 \u062f\u0631\u0627\u0633\u0629 \u0645\u064a\u062f\u0627\u0646\u064a\u0629 \u0639\u0644\u0649 \u0627\u0644\u0639\u0627\u0645\u0644\u064a\u0646 \u0641\u064a \u0645\u062c\u0645\u0639 \u0642\u0631\u062c\u064a \u0627\u0644\u0627\u0633\u062a\u062b\u0645\u0627\u0631\u064a<\/strong><br \/>\n<span style=\"font-size: 8pt;\">\u062f\/ \u0639\u0648\u0627\u0637\u0641 \u0639\u0644\u064a \u0639\u0628\u062f \u0627\u0644\u0633\u0644\u0627\u0645 \u0645\u0648\u0633\u0649\u060c \u0625\u062f\u0627\u0631\u0629 \u0645\u0634\u0627\u0631\u064a\u0639 \u0647\u0646\u062f\u0633\u064a\u0629\u060c \u0627\u0644\u0645\u0639\u0647\u062f \u0627\u0644\u0639\u0627\u0644\u064a \u0644\u062a\u0642\u0646\u064a\u0627\u062a \u0634\u0624\u0648\u0646 \u0627\u0644\u0645\u064a\u0627\u0647\u060c \u0627\u0644\u0639\u062c\u064a\u0644\u0627\u062a\u060c \u0644\u064a\u0628\u064a\u0627<\/span><\/td>\n<td style=\"width: 10.5099%; text-align: right;\"><strong><a href=\"https:\/\/www.knowledge.iarivo-univ.info\/wp-content\/uploads\/2020\/12\/\u062a\u0642\u064a\u064a\u0645-\u0645\u062f\u0649-\u0641\u0639\u0627\u0644\u064a\u0629-\u0625\u062c\u0631\u0627\u0621\u0627\u062a-\u0627\u0644\u0633\u0644\u0627\u0645\u0629-\u0627\u0644\u0645\u0647\u0646\u064a\u0629-\u0641\u064a-\u0635\u0646\u0627\u0639\u0629-\u0627\u0644\u0625\u0646\u0634\u0627\u0621\u0627\u062a-\u0628\u0644\u064a\u0628\u064a\u06274.pdf\"><img decoding=\"async\" class=\"alignnone\" src=\"https:\/\/www.knowledge.iarivo-univ.info\/wp-content\/uploads\/2020\/12\/boutton-de-telechargement-standard-.gif\" alt=\"\" width=\"39\" height=\"39\" \/><\/a>\u00a0<\/strong><\/td>\n<\/tr>\n<tr style=\"height: 80px;\">\n<td style=\"width: 3%; height: 80px; text-align: right;\">5<\/td>\n<td style=\"width: 70.3846%; height: 80px; text-align: right;\"><strong><span style=\"font-size: 12pt;\">\u0627\u0644\u0642\u0637\u0627\u0639 \u0627\u0644\u0632\u0631\u0627\u0639\u064a \u0643\u0628\u062f\u064a\u0644 \u0627\u0642\u062a\u0635\u0627\u062f\u064a \u0641\u064a \u0627\u0644\u062c\u0632\u0627\u0626\u0631<\/span><\/strong><br \/>\n<span style=\"font-size: 8pt;\">\u0645\u0631\u064a\u0646\u064a \u0628\u0646 \u0639\u0644\u064a\u0629\u060c \u0628\u0627\u062d\u062b \u0641\u064a \u0627\u0644\u062f\u0631\u0627\u0633\u0627\u062a \u0645\u062d\u0627\u0633\u0628\u064a\u0629 \u0648\u062c\u0628\u0627\u0626\u064a\u0629 \u0645\u0639\u0645\u0642\u0629\u060c \u0645\u062d\u0627\u0633\u0628 \u0625\u062f\u0627\u0631\u064a \u0631\u0626\u064a\u0633\u064a\u060c \u0645\u062f\u064a\u0631\u064a\u0629 \u0627\u0644\u062e\u062f\u0645\u0627\u062a \u0627\u0644\u062c\u0627\u0645\u0639\u064a\u0629\u060c \u0627\u0644\u062c\u0644\u0641\u0629\u060c \u0627\u0644\u062c\u0632\u0627\u0626\u0631<\/span><br \/>\n<span style=\"font-size: 8pt;\">\u0642\u0644\u064a\u0644 \u062d\u0644\u064a\u0645\u0629\u060c \u0628\u0627\u062d\u062b\u0629 \u0641\u064a \u0627\u0644\u062f\u0631\u0627\u0633\u0627\u062a \u0645\u062d\u0627\u0633\u0628\u064a\u0629 \u0648\u062c\u0628\u0627\u0626\u064a\u0629 \u0645\u0639\u0645\u0642\u0629\u060c \u0627\u0644\u062c\u0632\u0627\u0626\u0631<\/span><\/td>\n<td style=\"width: 10.5099%; text-align: right;\"><strong><span style=\"font-size: 12pt;\"><a href=\"https:\/\/www.knowledge.iarivo-univ.info\/wp-content\/uploads\/2020\/12\/\u0627\u0644\u0642\u0637\u0627\u0639-\u0627\u0644\u0632\u0631\u0627\u0639\u064a-\u0643\u0628\u062f\u064a\u0644-\u0625\u0642\u062a\u0635\u0627\u062f\u064a-\u0641\u064a-\u0627\u0644\u062c\u0632\u0627\u0626\u06315.pdf\"><img decoding=\"async\" class=\"alignnone\" src=\"https:\/\/www.knowledge.iarivo-univ.info\/wp-content\/uploads\/2020\/12\/boutton-de-telechargement-standard-.gif\" alt=\"\" width=\"39\" height=\"39\" \/><\/a><\/span><\/strong><\/td>\n<\/tr>\n<tr>\n<td style=\"width: 3%;\" colspan=\"2\"><a href=\"https:\/\/www.knowledge.iarivo-univ.info\/wp-content\/uploads\/2021\/01\/Knowledge-Scientific-Journal-Multidisciplinary-Electronic-Numero3.pdf\"><span style=\"font-size: 18pt;\"><strong>Issue 3<\/strong><\/span><\/a><\/td>\n<td style=\"width: 10.5099%; text-align: right;\"><a href=\"https:\/\/www.knowledge.iarivo-univ.info\/wp-content\/uploads\/2021\/01\/Knowledge-Scientific-Journal-Multidisciplinary-Electronic-Numero3.pdf\"><img decoding=\"async\" src=\"https:\/\/www.knowledge.iarivo-univ.info\/wp-content\/uploads\/2020\/12\/Knowledge-Scientific-Journal-Multidisciplinary-Anglais-Electronic-Issue-3.png\" alt=\"\" width=\"100\" height=\"141\" \/><\/a><\/td>\n<\/tr>\n<\/tbody>\n<\/table>\n<p>&nbsp;<\/p>\n","protected":false},"excerpt":{"rendered":"<p>November 2020 N\u00b0 Title Download 1 Syst\u00e8mes de surveillance de flux migratoires \u00e0 travers les donn\u00e9es massives, Cas de Madagascar Dr\/ RAJAOARISOA Ranaivomahasetra, Institut Sup\u00e9rieur de Technologie d&#8217;Antananarivo, Madagascar Pr\/ RAHARIMALALA Laurence, Facult\u00e9 des Sciences, Universit\u00e9 d\u2019Antananarivo, Madagascar Pr\/ RAFIDINARIVO Elie,Facult\u00e9 de Droit, \u00c9conomie, Gestion et Science Politique, Universit\u00e9 d&#8217;Antsiranana, Madagascar\u00a0 \u00a0 2 La cr\u00e9ation [&hellip;]<\/p>\n","protected":false},"author":1,"featured_media":0,"parent":0,"menu_order":81,"comment_status":"closed","ping_status":"closed","template":"","meta":{"_seopress_robots_primary_cat":"","_seopress_titles_title":"","_seopress_titles_desc":"","_seopress_robots_index":"","site-sidebar-layout":"default","site-content-layout":"","ast-site-content-layout":"","site-content-style":"default","site-sidebar-style":"default","ast-global-header-display":"","ast-banner-title-visibility":"","ast-main-header-display":"","ast-hfb-above-header-display":"","ast-hfb-below-header-display":"","ast-hfb-mobile-header-display":"","site-post-title":"","ast-breadcrumbs-content":"","ast-featured-img":"","footer-sml-layout":"","theme-transparent-header-meta":"","adv-header-id-meta":"","stick-header-meta":"","header-above-stick-meta":"","header-main-stick-meta":"","header-below-stick-meta":"","astra-migrate-meta-layouts":"default","ast-page-background-enabled":"default","ast-page-background-meta":{"desktop":{"background-color":"","background-image":"","background-repeat":"repeat","background-position":"center center","background-size":"auto","background-attachment":"scroll","background-type":"","background-media":"","overlay-type":"","overlay-color":"","overlay-opacity":"","overlay-gradient":""},"tablet":{"background-color":"","background-image":"","background-repeat":"repeat","background-position":"center center","background-size":"auto","background-attachment":"scroll","background-type":"","background-media":"","overlay-type":"","overlay-color":"","overlay-opacity":"","overlay-gradient":""},"mobile":{"background-color":"","background-image":"","background-repeat":"repeat","background-position":"center center","background-size":"auto","background-attachment":"scroll","background-type":"","background-media":"","overlay-type":"","overlay-color":"","overlay-opacity":"","overlay-gradient":""}},"ast-content-background-meta":{"desktop":{"background-color":"var(--ast-global-color-5)","background-image":"","background-repeat":"repeat","background-position":"center center","background-size":"auto","background-attachment":"scroll","background-type":"","background-media":"","overlay-type":"","overlay-color":"","overlay-opacity":"","overlay-gradient":""},"tablet":{"background-color":"var(--ast-global-color-5)","background-image":"","background-repeat":"repeat","background-position":"center center","background-size":"auto","background-attachment":"scroll","background-type":"","background-media":"","overlay-type":"","overlay-color":"","overlay-opacity":"","overlay-gradient":""},"mobile":{"background-color":"var(--ast-global-color-5)","background-image":"","background-repeat":"repeat","background-position":"center center","background-size":"auto","background-attachment":"scroll","background-type":"","background-media":"","overlay-type":"","overlay-color":"","overlay-opacity":"","overlay-gradient":""}},"_jet_sm_ready_style":"","_jet_sm_style":"","_jet_sm_controls_values":"","_jet_sm_fonts_collection":"","_jet_sm_fonts_links":"","footnotes":""},"class_list":["post-1607","page","type-page","status-publish","hentry"],"_links":{"self":[{"href":"https:\/\/knowledge.iarivo-univ.info\/ar\/wp-json\/wp\/v2\/pages\/1607"}],"collection":[{"href":"https:\/\/knowledge.iarivo-univ.info\/ar\/wp-json\/wp\/v2\/pages"}],"about":[{"href":"https:\/\/knowledge.iarivo-univ.info\/ar\/wp-json\/wp\/v2\/types\/page"}],"author":[{"embeddable":true,"href":"https:\/\/knowledge.iarivo-univ.info\/ar\/wp-json\/wp\/v2\/users\/1"}],"replies":[{"embeddable":true,"href":"https:\/\/knowledge.iarivo-univ.info\/ar\/wp-json\/wp\/v2\/comments?post=1607"}],"version-history":[{"count":0,"href":"https:\/\/knowledge.iarivo-univ.info\/ar\/wp-json\/wp\/v2\/pages\/1607\/revisions"}],"wp:attachment":[{"href":"https:\/\/knowledge.iarivo-univ.info\/ar\/wp-json\/wp\/v2\/media?parent=1607"}],"curies":[{"name":"wp","href":"https:\/\/api.w.org\/{rel}","templated":true}]}}