{"id":1094,"date":"2020-05-10T22:31:52","date_gmt":"2020-05-10T20:31:52","guid":{"rendered":"https:\/\/www.knowledge.iarivo-univ.info\/?page_id=1094"},"modified":"2023-01-14T15:35:16","modified_gmt":"2023-01-14T12:35:16","slug":"numero-1","status":"publish","type":"page","link":"https:\/\/knowledge.iarivo-univ.info\/en\/numero-1\/","title":{"rendered":"Num\u00e9ro 1"},"content":{"rendered":"<table class=\" aligncenter\" style=\"width: 100%; border-collapse: collapse; background-color: #0af7ef; border-color: #000000; border-style: double;\">\n<tbody>\n<tr>\n<td style=\"width: 3%;\"><strong>N\u00b0<\/strong><\/td>\n<td style=\"width: 80%;\"><strong>Titre<\/strong><\/td>\n<td style=\"width: 3%;\"><strong>T\u00e9l\u00e9chargement<\/strong><\/td>\n<\/tr>\n<tr>\n<td style=\"width: 3%;\">1<\/td>\n<td style=\"width: 80%; text-align: justify;\"><span style=\"font-size: 10pt;\"><strong>Religion, jeunesse et \u00e9lections transparentes et cr\u00e9dibles en Afrique, Cas de Madagascar<\/strong><\/span><br \/>\n<span style=\"font-size: 8pt;\">Dr FELLA Mohamed, Universit\u00e9 Ouest d\u2019Iarivo, Us Interglobal University<\/span><br \/>\n<span style=\"font-size: 8pt;\">Dr RAJAONARISOA Rinatia Stellina, Universit\u00e9 Ouest d\u2019Iarivo, Us Interglobal University<\/span><\/td>\n<td style=\"width: 3%;\"><a href=\"https:\/\/www.knowledge.iarivo-univ.info\/wp-content\/uploads\/2020\/05\/1_Religion-jeunesse-et-\u00e9lections-transparentes-et-cr\u00e9dibles-en-Afrique.pdf\"><img decoding=\"async\" class=\"alignnone\" src=\"https:\/\/www.knowledge.iarivo-univ.info\/wp-content\/uploads\/2020\/05\/2.gif\" alt=\"\" width=\"100\" height=\"34\" \/><\/a><\/td>\n<\/tr>\n<tr>\n<td style=\"width: 3%;\">2<\/td>\n<td style=\"width: 80%; text-align: justify;\"><span style=\"font-size: 10pt;\"><strong>Contributions of SHAYKH MUHAMMAD MUNTAQA COOMASSIE to the development of Islamic scholarship in ZAZZAU Emirate and beyond (1326\/1909C.E 1410\/1989C.E.)<\/strong><\/span><br \/>\n<span style=\"font-size: 8pt;\">Dr. SHEHU IBRAHIM, Department of Islamic Studies, Kaduna State University<\/span><\/td>\n<td style=\"width: 3%;\"><a href=\"https:\/\/www.knowledge.iarivo-univ.info\/wp-content\/uploads\/2020\/05\/2_CONTRIBUTIONS-OF-SHAYKH-MUHAMMAD-MUNTAQA-COOMASSIE-TO-THE-DEVELOPMENT-OF-ISLAMIC-SCHOLARSHIP-IN-ZAZZAU-EMIRATE-AND-BEYOND.pdf\"><img decoding=\"async\" class=\"alignnone\" src=\"https:\/\/www.knowledge.iarivo-univ.info\/wp-content\/uploads\/2020\/05\/2.gif\" alt=\"\" width=\"100\" height=\"34\" \/><\/a><\/td>\n<\/tr>\n<tr>\n<td style=\"width: 3%;\">3<\/td>\n<td style=\"width: 80%; text-align: justify;\"><strong><span style=\"font-size: 10pt;\">Biographical sketch of GIDAN ZAGEZAGI and their contributions<\/span> to the development of Islam in ZAZZAU<\/strong><br \/>\n<span style=\"font-size: 8pt;\">Dr. SHEHU IBRAHIM, Department of Islamic Studies, Kaduna State UUniversity<\/span><\/td>\n<td style=\"width: 3%;\"><a href=\"https:\/\/www.knowledge.iarivo-univ.info\/wp-content\/uploads\/2020\/05\/3_BIOGRAPHICAL-SKETCH-OF-GIDAN-ZAGEZAGI-AND-THEIR-CONTRIBUTIONS-TO-THE-DEVELOPMENT-OF-ISLAM-IN-ZAZZAU.pdf\"><img decoding=\"async\" class=\"alignnone\" src=\"https:\/\/www.knowledge.iarivo-univ.info\/wp-content\/uploads\/2020\/05\/2.gif\" alt=\"\" width=\"100\" height=\"34\" \/><\/a><\/td>\n<\/tr>\n<tr>\n<td style=\"width: 3%; text-align: justify;\">4<\/td>\n<td style=\"width: 80%; text-align: justify;\"><span style=\"font-size: 10pt;\"><strong>The migration and historical survey: a reflection on GIDAN JUMA scholars of ZAZZAU<\/strong><\/span><br \/>\n<span style=\"font-size: 8pt;\">Dr. SHEHU IBRAHIM, Department of Islamic Studies, Kaduna State University<\/span><\/td>\n<td style=\"width: 3%;\"><a href=\"https:\/\/www.knowledge.iarivo-univ.info\/wp-content\/uploads\/2020\/05\/5_The-migration-and-historical-survey-a-reflection-on-GIDAN-JUMA-scholars-of-ZAZZAU.pdf\"><img decoding=\"async\" class=\"alignnone\" src=\"https:\/\/www.knowledge.iarivo-univ.info\/wp-content\/uploads\/2020\/05\/2.gif\" alt=\"\" width=\"100\" height=\"34\" \/><\/a><\/td>\n<\/tr>\n<tr>\n<td style=\"width: 3%;\">5<\/td>\n<td style=\"width: 80%; text-align: justify;\"><span style=\"font-size: 10pt;\"><strong>Evaluative study on tardiness: Lessons for contemporary Muslims<\/strong><\/span><br \/>\n<span style=\"font-size: 8pt;\">Dr. AUWAL ABDULLAHI, Department of Religious Studies, Gomber State University<\/span><\/td>\n<td style=\"width: 3%;\"><a href=\"https:\/\/www.knowledge.iarivo-univ.info\/wp-content\/uploads\/2020\/05\/6_Evaluative-study-on-tardiness-Lessons-for-contemporary-Muslims.pdf\"><img decoding=\"async\" class=\"alignnone\" src=\"https:\/\/www.knowledge.iarivo-univ.info\/wp-content\/uploads\/2020\/05\/2.gif\" alt=\"\" width=\"100\" height=\"34\" \/><\/a><\/td>\n<\/tr>\n<tr>\n<td style=\"width: 3%;\">6<\/td>\n<td style=\"width: 80%;\"><span style=\"font-size: 10pt;\"><strong>A contextual analysis on punctuality: An Islamic perspective<\/strong><\/span><br \/>\n<span style=\"font-size: 8pt;\">Dr. AUWAL ABDULLAHI, Department of Religious Studies, Gomber State University<\/span><\/td>\n<td style=\"width: 3%;\"><a href=\"https:\/\/www.knowledge.iarivo-univ.info\/wp-content\/uploads\/2020\/05\/7_A-contextual-analysis-on-punctuality-An-Islamic-perspective.pdf\"><img decoding=\"async\" class=\"alignnone\" src=\"https:\/\/www.knowledge.iarivo-univ.info\/wp-content\/uploads\/2020\/05\/2.gif\" alt=\"\" width=\"100\" height=\"34\" \/><\/a><\/td>\n<\/tr>\n<tr>\n<td style=\"width: 3%;\">7<\/td>\n<td style=\"width: 80%; text-align: justify;\"><strong>\u00a0<\/strong><strong>\u0645\u062f\u0649 \u0645\u0633\u0627\u0647\u0645\u0629 \u0627\u0644\u0639\u0645\u0644\u064a\u0629 \u0627\u0644\u062a\u0643\u0648\u064a\u0646\u064a\u0629 \u0644\u0644\u0645\u0648\u0631\u062f \u0627\u0644\u0628\u0634\u0631\u064a \u0641\u064a \u0638\u0644 \u0627\u0644\u062a\u0637\u0648\u0631\u0627\u062a \u0627\u0644\u062d\u062f\u064a\u062b\u0629 \u0644\u0644\u0648\u0642\u0627\u064a\u0629 \u0645\u0646 \u062d\u0648\u0627\u062f\u062b \u0627\u0644\u0639\u0645\u0644<\/strong><br \/>\n\u062f \/ \u0642\u0648\u064a\u062f\u0631 \u0628\u0648\u0631\u0642\u0628\u0629\u060c \u0633\u064a\u0627\u0633\u0627\u062a \u0627\u0644\u062a\u0646\u0645\u064a\u0629 \u0627\u0644\u0631\u064a\u0641\u064a\u0629 \u0641\u064a \u0627\u0644\u0645\u0646\u0627\u0637\u0642 \u0627\u0644\u0633\u0647\u0628\u064a\u0629 \u0628\u0627\u0644\u062c\u0632\u0627\u0626\u0631 \u062c\u0627\u0645\u0639\u0629 \u0632\u064a\u0627\u0646 \u0639\u0627\u0634\u0648\u0631 \u0628\u0627\u0644\u062c\u0644\u0641\u0629\u0623 \/ \u0645\u0631\u0635\u0627\u0644\u064a \u062d\u0648\u0631\u064a\u0629\u060c\u062c\u0627\u0645\u0639\u0629 \u064a\u062d\u064a \u0641\u0627\u0631\u0633 \u0627\u0644\u0645\u062f\u064a\u0629\u0631\u062d\u0645\u0629 \u0645\u062c\u062f\u0629 \u062d\u0635\u0628\u0627\u064a\u0629\u060c \u0637\u0627\u0644\u0628\u0629 \u062f\u0643\u062a\u0648\u0631\u0627\u0647\u060c \u0645\u062e\u0628\u0631 \u0627\u0644\u0637\u0631\u0642 \u0627\u0644\u0643\u0645\u064a\u0629 \u0641\u064a \u0627\u0644\u0639\u0644\u0648\u0645 \u0627\u0644\u0627\u0642\u062a\u0635\u0627\u062f\u064a\u0629 \u0648\u0639\u0644\u0648\u0645 \u0625\u062f\u0627\u0631\u0629 \u0627\u0644\u0623\u0639\u0645\u0627\u0644 \u0648\u062a\u0637\u0628\u064a\u0642\u0627\u062a\u0647\u0627 \u0645\u0646 \u0623\u062c\u0644 \u0627\u0644\u062a\u0646\u0645\u064a\u0629 \u0627\u0644\u0645\u0633\u062a\u062f\u0627\u0645\u0629 \u062c\u0627\u0645\u0639\u0629 \u0632\u064a\u0627\u0646 \u0639\u0627\u0634\u0648\u0631 \u0628\u0627\u0644\u062c\u0644\u0641\u0629<\/td>\n<td style=\"width: 3%;\"><a href=\"https:\/\/www.knowledge.iarivo-univ.info\/wp-content\/uploads\/2020\/05\/\u0645\u062f\u0649-\u0645\u0633\u0627\u0647\u0645\u0629-\u0627\u0644\u0639\u0645\u0644\u064a\u0629-\u0627\u0644\u062a\u0643\u0648\u064a\u0646\u064a\u0629-\u0644\u0644\u0645\u0648\u0631\u062f-\u0627\u0644\u0628\u0634\u0631\u064a-\u0641\u064a-\u0638\u0644-\u0627\u0644\u062a\u0637\u0648\u0631\u0627\u062a-\u0627\u0644\u062d\u062f\u064a\u062b\u0629-\u0644\u0644\u0648\u0642\u0627\u064a\u0629-\u0645\u0646-\u062d\u0648\u0627\u062f\u062b-\u0627\u0644\u0639\u0645\u0644_.pdf\"><img decoding=\"async\" class=\"alignnone\" src=\"https:\/\/www.knowledge.iarivo-univ.info\/wp-content\/uploads\/2020\/05\/2.gif\" alt=\"\" width=\"100\" height=\"34\" \/><\/a><\/td>\n<\/tr>\n<tr>\n<td style=\"width: 3%;\"><\/td>\n<td style=\"width: 80%;\"><span style=\"font-size: 14pt; background-color: #ffff00;\"><strong>Num\u00e9ro 1 (Complet)<\/strong><\/span><\/td>\n<td style=\"width: 3%;\"><a href=\"https:\/\/www.knowledge.iarivo-univ.info\/wp-content\/uploads\/2020\/05\/savoir_knowledge_\u0627\u0644\u0645\u0639\u0631\u0641\u0629_n_1_.pdf\"><img decoding=\"async\" class=\"alignnone\" src=\"https:\/\/www.knowledge.iarivo-univ.info\/wp-content\/uploads\/2020\/05\/IMG_20200516_004011_449.jpg\" alt=\"\" width=\"100\" height=\"162\" \/><\/a><\/td>\n<\/tr>\n<\/tbody>\n<\/table>\n<p><!--more--><\/p>\n<p><!--more--><\/p>\n","protected":false},"excerpt":{"rendered":"<p>N\u00b0 Titre T\u00e9l\u00e9chargement 1 Religion, jeunesse et \u00e9lections transparentes et cr\u00e9dibles en Afrique, Cas de Madagascar Dr FELLA Mohamed, Universit\u00e9 Ouest d\u2019Iarivo, Us Interglobal University Dr RAJAONARISOA Rinatia Stellina, Universit\u00e9 Ouest d\u2019Iarivo, Us Interglobal University 2 Contributions of SHAYKH MUHAMMAD MUNTAQA COOMASSIE to the development of Islamic scholarship in ZAZZAU Emirate and beyond (1326\/1909C.E 1410\/1989C.E.) [&hellip;]<\/p>\n","protected":false},"author":1,"featured_media":0,"parent":0,"menu_order":86,"comment_status":"closed","ping_status":"closed","template":"","meta":{"_seopress_robots_primary_cat":"","_seopress_titles_title":"","_seopress_titles_desc":"","_seopress_robots_index":"","site-sidebar-layout":"default","site-content-layout":"","ast-site-content-layout":"","site-content-style":"default","site-sidebar-style":"default","ast-global-header-display":"","ast-banner-title-visibility":"","ast-main-header-display":"","ast-hfb-above-header-display":"","ast-hfb-below-header-display":"","ast-hfb-mobile-header-display":"","site-post-title":"","ast-breadcrumbs-content":"","ast-featured-img":"","footer-sml-layout":"","theme-transparent-header-meta":"","adv-header-id-meta":"","stick-header-meta":"","header-above-stick-meta":"","header-main-stick-meta":"","header-below-stick-meta":"","astra-migrate-meta-layouts":"default","ast-page-background-enabled":"default","ast-page-background-meta":{"desktop":{"background-color":"","background-image":"","background-repeat":"repeat","background-position":"center center","background-size":"auto","background-attachment":"scroll","background-type":"","background-media":"","overlay-type":"","overlay-color":"","overlay-opacity":"","overlay-gradient":""},"tablet":{"background-color":"","background-image":"","background-repeat":"repeat","background-position":"center center","background-size":"auto","background-attachment":"scroll","background-type":"","background-media":"","overlay-type":"","overlay-color":"","overlay-opacity":"","overlay-gradient":""},"mobile":{"background-color":"","background-image":"","background-repeat":"repeat","background-position":"center center","background-size":"auto","background-attachment":"scroll","background-type":"","background-media":"","overlay-type":"","overlay-color":"","overlay-opacity":"","overlay-gradient":""}},"ast-content-background-meta":{"desktop":{"background-color":"var(--ast-global-color-5)","background-image":"","background-repeat":"repeat","background-position":"center center","background-size":"auto","background-attachment":"scroll","background-type":"","background-media":"","overlay-type":"","overlay-color":"","overlay-opacity":"","overlay-gradient":""},"tablet":{"background-color":"var(--ast-global-color-5)","background-image":"","background-repeat":"repeat","background-position":"center center","background-size":"auto","background-attachment":"scroll","background-type":"","background-media":"","overlay-type":"","overlay-color":"","overlay-opacity":"","overlay-gradient":""},"mobile":{"background-color":"var(--ast-global-color-5)","background-image":"","background-repeat":"repeat","background-position":"center center","background-size":"auto","background-attachment":"scroll","background-type":"","background-media":"","overlay-type":"","overlay-color":"","overlay-opacity":"","overlay-gradient":""}},"_jet_sm_ready_style":"","_jet_sm_style":"","_jet_sm_controls_values":"","_jet_sm_fonts_collection":"","_jet_sm_fonts_links":"","footnotes":""},"class_list":["post-1094","page","type-page","status-publish","hentry"],"_links":{"self":[{"href":"https:\/\/knowledge.iarivo-univ.info\/en\/wp-json\/wp\/v2\/pages\/1094"}],"collection":[{"href":"https:\/\/knowledge.iarivo-univ.info\/en\/wp-json\/wp\/v2\/pages"}],"about":[{"href":"https:\/\/knowledge.iarivo-univ.info\/en\/wp-json\/wp\/v2\/types\/page"}],"author":[{"embeddable":true,"href":"https:\/\/knowledge.iarivo-univ.info\/en\/wp-json\/wp\/v2\/users\/1"}],"replies":[{"embeddable":true,"href":"https:\/\/knowledge.iarivo-univ.info\/en\/wp-json\/wp\/v2\/comments?post=1094"}],"version-history":[{"count":0,"href":"https:\/\/knowledge.iarivo-univ.info\/en\/wp-json\/wp\/v2\/pages\/1094\/revisions"}],"wp:attachment":[{"href":"https:\/\/knowledge.iarivo-univ.info\/en\/wp-json\/wp\/v2\/media?parent=1094"}],"curies":[{"name":"wp","href":"https:\/\/api.w.org\/{rel}","templated":true}]}}