{"id":1788,"date":"2021-02-24T16:06:27","date_gmt":"2021-02-24T15:06:27","guid":{"rendered":"https:\/\/www.knowledge.iarivo-univ.info\/?page_id=1788"},"modified":"2023-01-14T15:35:16","modified_gmt":"2023-01-14T12:35:16","slug":"activites-scientifiques","status":"publish","type":"page","link":"https:\/\/knowledge.iarivo-univ.info\/en\/activites-scientifiques\/","title":{"rendered":"Activit\u00e9s scientifiques"},"content":{"rendered":"<p><!--themify_builder_static--><a href=\"https:\/\/www.knowledge.iarivo-univ.info\/2021\/02\/24\/colloque-international-sur-la-violence-dans-la-societe-implications-et-remediation\/\" > <\/a> <\/p>\n<h2> <a href=\"https:\/\/www.knowledge.iarivo-univ.info\/2021\/02\/24\/colloque-international-sur-la-violence-dans-la-societe-implications-et-remediation\/\" > Colloque international sur la violence dans la soci\u00e9t\u00e9 &#8221; Implications et Rem\u00e9diation&#8221; <\/a> <\/h2>\n<p>&nbsp; Nous\u00a0 avons le plaisir d&#8217;inviter l&#8217;ensemble des chercheurs et professeurs \u00e0 participer au Colloque International en ligne sur le th\u00e8me : &#8220;violence dans la soci\u00e9t\u00e9 &#8220;Implications et Rem\u00e9diation&#8221; organis\u00e9 par l&#8217;Universit\u00e9 Ziane Achour de Djelfa (Alg\u00e9rie) en partenariat avec l&#8217;Universit\u00e9 Ouest d&#8217;Iarivo (Madagascar) et Us Interglobal University (USA) Rendez-vous importants : Dernier d\u00e9lais de r\u00e9ception des r\u00e9sum\u00e9s: 1 mars<\/p>\n<p> <a href=\"https:\/\/www.knowledge.iarivo-univ.info\/2021\/02\/24\/colloque-international-sur-la-violence-dans-la-societe-implications-et-remediation\/\" > Lire la suite <\/a><br \/>\n<!--\/themify_builder_static--><\/p>\n","protected":false},"excerpt":{"rendered":"<p>Colloque international sur la violence dans la soci\u00e9t\u00e9 &#8221; Implications et Rem\u00e9diation&#8221; &nbsp; Nous\u00a0 avons le plaisir d&#8217;inviter l&#8217;ensemble des chercheurs et professeurs \u00e0 participer au Colloque International en ligne sur le th\u00e8me : &#8220;violence dans la soci\u00e9t\u00e9 &#8220;Implications et Rem\u00e9diation&#8221; organis\u00e9 par l&#8217;Universit\u00e9 Ziane Achour de Djelfa (Alg\u00e9rie) en partenariat avec l&#8217;Universit\u00e9 Ouest d&#8217;Iarivo [&hellip;]<\/p>\n","protected":false},"author":1,"featured_media":0,"parent":0,"menu_order":64,"comment_status":"closed","ping_status":"closed","template":"","meta":{"_seopress_robots_primary_cat":"","_seopress_titles_title":"","_seopress_titles_desc":"","_seopress_robots_index":"","site-sidebar-layout":"default","site-content-layout":"","ast-site-content-layout":"","site-content-style":"default","site-sidebar-style":"default","ast-global-header-display":"","ast-banner-title-visibility":"","ast-main-header-display":"","ast-hfb-above-header-display":"","ast-hfb-below-header-display":"","ast-hfb-mobile-header-display":"","site-post-title":"","ast-breadcrumbs-content":"","ast-featured-img":"","footer-sml-layout":"","theme-transparent-header-meta":"","adv-header-id-meta":"","stick-header-meta":"","header-above-stick-meta":"","header-main-stick-meta":"","header-below-stick-meta":"","astra-migrate-meta-layouts":"default","ast-page-background-enabled":"default","ast-page-background-meta":{"desktop":{"background-color":"","background-image":"","background-repeat":"repeat","background-position":"center center","background-size":"auto","background-attachment":"scroll","background-type":"","background-media":"","overlay-type":"","overlay-color":"","overlay-opacity":"","overlay-gradient":""},"tablet":{"background-color":"","background-image":"","background-repeat":"repeat","background-position":"center center","background-size":"auto","background-attachment":"scroll","background-type":"","background-media":"","overlay-type":"","overlay-color":"","overlay-opacity":"","overlay-gradient":""},"mobile":{"background-color":"","background-image":"","background-repeat":"repeat","background-position":"center center","background-size":"auto","background-attachment":"scroll","background-type":"","background-media":"","overlay-type":"","overlay-color":"","overlay-opacity":"","overlay-gradient":""}},"ast-content-background-meta":{"desktop":{"background-color":"var(--ast-global-color-5)","background-image":"","background-repeat":"repeat","background-position":"center center","background-size":"auto","background-attachment":"scroll","background-type":"","background-media":"","overlay-type":"","overlay-color":"","overlay-opacity":"","overlay-gradient":""},"tablet":{"background-color":"var(--ast-global-color-5)","background-image":"","background-repeat":"repeat","background-position":"center center","background-size":"auto","background-attachment":"scroll","background-type":"","background-media":"","overlay-type":"","overlay-color":"","overlay-opacity":"","overlay-gradient":""},"mobile":{"background-color":"var(--ast-global-color-5)","background-image":"","background-repeat":"repeat","background-position":"center center","background-size":"auto","background-attachment":"scroll","background-type":"","background-media":"","overlay-type":"","overlay-color":"","overlay-opacity":"","overlay-gradient":""}},"_jet_sm_ready_style":"","_jet_sm_style":"","_jet_sm_controls_values":"","_jet_sm_fonts_collection":"","_jet_sm_fonts_links":"","footnotes":""},"class_list":["post-1788","page","type-page","status-publish","hentry"],"_links":{"self":[{"href":"https:\/\/knowledge.iarivo-univ.info\/en\/wp-json\/wp\/v2\/pages\/1788"}],"collection":[{"href":"https:\/\/knowledge.iarivo-univ.info\/en\/wp-json\/wp\/v2\/pages"}],"about":[{"href":"https:\/\/knowledge.iarivo-univ.info\/en\/wp-json\/wp\/v2\/types\/page"}],"author":[{"embeddable":true,"href":"https:\/\/knowledge.iarivo-univ.info\/en\/wp-json\/wp\/v2\/users\/1"}],"replies":[{"embeddable":true,"href":"https:\/\/knowledge.iarivo-univ.info\/en\/wp-json\/wp\/v2\/comments?post=1788"}],"version-history":[{"count":0,"href":"https:\/\/knowledge.iarivo-univ.info\/en\/wp-json\/wp\/v2\/pages\/1788\/revisions"}],"wp:attachment":[{"href":"https:\/\/knowledge.iarivo-univ.info\/en\/wp-json\/wp\/v2\/media?parent=1788"}],"curies":[{"name":"wp","href":"https:\/\/api.w.org\/{rel}","templated":true}]}}